{"id":33,"date":"2016-09-28T11:58:52","date_gmt":"2016-09-28T11:58:52","guid":{"rendered":"http:\/\/fambach.net\/?page_id=33"},"modified":"2023-04-05T10:23:24","modified_gmt":"2023-04-05T10:23:24","slug":"ueber-mich","status":"publish","type":"page","link":"https:\/\/www.fambach.net\/en\/ueber-mich\/","title":{"rendered":"Impressum"},"content":{"rendered":"<p><strong>Name:<\/strong>&nbsp; &nbsp; &nbsp; &nbsp; &nbsp; &nbsp; &nbsp; &nbsp; &nbsp; &nbsp; Stefan<br><strong>Alter:<\/strong>&nbsp; &nbsp; &nbsp; &nbsp; &nbsp; &nbsp; &nbsp; &nbsp; &nbsp; &nbsp; &nbsp; nicht wichtig<br><strong>Geschlecht:<\/strong>&nbsp; &nbsp; &nbsp; &nbsp; eigentlich egal aber m\u00e4nnlich<br><strong>Beruf:<\/strong>&nbsp; &nbsp; &nbsp; &nbsp; &nbsp; &nbsp; &nbsp; &nbsp; &nbsp; &nbsp; &nbsp;Informatiker &#8211;&nbsp; Angestellter in Gro\u00dfkonzern<\/p>\n\n\n\n<p><strong>Wohnhaft:<\/strong> Deutschland, Hessen<\/p>\n\n\n\n<p><strong>Informatische Interessen:<br><\/strong>Softwarentwicklung,&nbsp;Integrierte&nbsp;Systeme, &nbsp;UML(MDA)<\/p>\n\n\n\n<p><strong>Sprachen:<\/strong><br>Java, C++, C (aber ungern), C#, PHP, ein wenig ABAP auch wenn das keine richtige Programmiersprache ist ;), *SQL und &nbsp;deutsch&nbsp;als erste Fremdsprache.<\/p>\n\n\n\n<p>Das mag ich gerne (keine Affiliate links):<\/p>\n\n\n\n<figure class=\"wp-block-table\"><table><thead><tr><th>Zeugs<\/th><th>Wo zu beziehen<\/th><\/tr><\/thead><tbody><tr><td>Buena Ventura Espresso<\/td><td>https:\/\/www.roastmarket.de\/supremo-buenaventura.html<\/td><\/tr><tr><td><\/td><td><\/td><\/tr><tr><td><\/td><td><\/td><\/tr><tr><td><\/td><td><\/td><\/tr><tr><td><\/td><td><\/td><\/tr><\/tbody><\/table><\/figure>\n\n\n\n<p><strong>Haftungsausschluss<\/strong><\/p>\n\n\n\n<p>F\u00fcr die Inhalte der gelinkten Seiten sind ausschliesslich die Betreiber verantwortlich. Infos \u00fcber Verweiste Links nehme ich gerne entgegen. Sollten gelinkte Seiten unz\u00fcchtige, menschenverachtende, radikale oder diskrimierende Inhalte zeigen, werde ich diese nach zur Kenntnisgabe sofort entfernen und f\u00fcr einen bessere Referenz sorgen.<\/p>\n\n\n\n<p>Meine Beitr\u00e4ge werden sorgf\u00e4ltig vorab auf meiner eigenen Hardware getestet. F\u00fcr Besch\u00e4digung von Hardware o.\u00e4. die w\u00e4hrend oder geleitet durch meine Beitr\u00e4ge entstehen kann ich leider keine Haftung\/Garantie \u00fcbernehmen.<\/p>\n\n\n\n<p><strong>Communication<\/strong><\/p>\n\n\n\n<p>Verbesserungsvorschl\u00e4ge, Ideen, Kritik und Korrekturen sind jeder Zeit erw\u00fcnscht. Einfach im Beitrag einen Kommentar schreiben. Dieser wird nach Pr\u00fcfung (sorry ist ne ganze Menge Spam unterwegst) freigeschaltet und falls n\u00f6tig beantwortet.<\/p>\n\n\n\n<p><strong>Hier der formale Quatsch<\/strong><\/p>\n\n\n\n<div class=\"impressum\">\n<p>Angaben gem\u00e4\u00df \u00a7 5 TMG<\/p>\n<p>Stefan Fambach<br>Am Klippelgarten 2<br>65843 Sulzbach<\/p>\n<p><strong>Kontakt:<\/strong><br>E-Mail: <a href=\"mailto:anfrage@fambach.net\">anfrage(at)fambach.net<\/a><\/p>\n<p><strong>Verantwortlich f\u00fcr den Inhalt nach \u00a7 55 Abs. 2 RStV:<\/strong><\/p>\n<p>Stefan Fambach<br>Am Klippelgarten 2<br>65843 Sulzbach<\/p>\n<p><strong>Haftungsausschluss: <\/strong><\/p>\n<p><strong>Haftung f\u00fcr Inhalte<\/strong><\/p>\n<p>Die Inhalte unserer Seiten wurden mit gr\u00f6\u00dfter Sorgfalt erstellt. F\u00fcr die Richtigkeit, Vollst\u00e4ndigkeit und Aktualit\u00e4t der Inhalte k\u00f6nnen wir jedoch keine Gew\u00e4hr \u00fcbernehmen. Als Diensteanbieter sind wir gem\u00e4\u00df \u00a7 7 Abs.1 TMG f\u00fcr eigene Inhalte auf diesen Seiten nach den allgemeinen Gesetzen verantwortlich. Nach \u00a7\u00a7 8 bis 10 TMG sind wir als Diensteanbieter jedoch nicht verpflichtet, \u00fcbermittelte oder gespeicherte fremde Informationen zu \u00fcberwachen oder nach Umst\u00e4nden zu forschen, die auf eine rechtswidrige T\u00e4tigkeit hinweisen. Verpflichtungen zur Entfernung oder Sperrung der Nutzung von Informationen nach den allgemeinen Gesetzen bleiben hiervon unber\u00fchrt. Eine diesbez\u00fcgliche Haftung ist jedoch erst ab dem Zeitpunkt der Kenntnis einer konkreten Rechtsverletzung m\u00f6glich. Bei Bekanntwerden von entsprechenden Rechtsverletzungen werden wir diese Inhalte umgehend entfernen.<\/p>\n<p><strong>Haftung f\u00fcr Links<\/strong><\/p>\n<p>Unser Angebot enth\u00e4lt Links zu externen Webseiten Dritter, auf deren Inhalte wir keinen Einfluss haben. Deshalb k\u00f6nnen wir f\u00fcr diese fremden Inhalte auch keine Gew\u00e4hr \u00fcbernehmen. F\u00fcr die Inhalte der verlinkten Seiten ist stets der jeweilige Anbieter oder Betreiber der Seiten verantwortlich. Die verlinkten Seiten wurden zum Zeitpunkt der Verlinkung auf m\u00f6gliche Rechtsverst\u00f6\u00dfe \u00fcberpr\u00fcft. Rechtswidrige Inhalte waren zum Zeitpunkt der Verlinkung nicht erkennbar. Eine permanente inhaltliche Kontrolle der verlinkten Seiten ist jedoch ohne konkrete Anhaltspunkte einer Rechtsverletzung nicht zumutbar. Bei Bekanntwerden von Rechtsverletzungen werden wir derartige Links umgehend entfernen.<\/p>\n<p><strong>Datenschutz<\/strong><\/p>\n<p>Die Nutzung unserer Webseite ist in der Regel ohne Angabe personenbezogener Daten m\u00f6glich. Soweit auf unseren Seiten personenbezogene Daten (beispielsweise Name, Anschrift oder eMail-Adressen) erhoben werden, erfolgt dies, soweit m\u00f6glich, stets auf freiwilliger Basis. Diese Daten werden ohne Ihre ausdr\u00fcckliche Zustimmung nicht an Dritte weitergegeben.<br>Wir weisen darauf hin, dass die Daten\u00fcbertragung im Internet (z.B. bei der Kommunikation per E-Mail) Sicherheitsl\u00fccken aufweisen kann. Ein l\u00fcckenloser Schutz der Daten vor dem Zugriff durch Dritte ist nicht m\u00f6glich.<br>Der Nutzung von im Rahmen der Impressumspflicht ver\u00f6ffentlichten Kontaktdaten durch Dritte zur \u00dcbersendung von nicht ausdr\u00fccklich angeforderter Werbung und Informationsmaterialien wird hiermit ausdr\u00fccklich widersprochen. Die Betreiber der Seiten behalten sich ausdr\u00fccklich rechtliche Schritte im Falle der unverlangten Zusendung von Werbeinformationen, etwa durch Spam-Mails, vor.<\/p>\n<p>Impressum vom <a href=\"http:\/\/www.impressum-generator.de\">impressum-generator.de<\/a> der <a href=\"http:\/\/www.kanzlei-hasselbach.de\/standorte\/bonn\/\">Kanzlei Hasselbach Rechtsanw\u00e4lte<\/a><\/p>\n<\/div>\n\n\n\n<p><\/p>","protected":false},"excerpt":{"rendered":"<p>Name:&nbsp; &nbsp; &nbsp; &nbsp; &nbsp; &nbsp; &nbsp; &nbsp; &nbsp; &nbsp; StefanAlter:&nbsp; &nbsp; &nbsp; &nbsp; &nbsp; &nbsp; &nbsp; &nbsp; &nbsp; &nbsp; &nbsp; nicht wichtigGeschlecht:&nbsp; &nbsp; &nbsp; &nbsp; eigentlich egal aber m\u00e4nnlichBeruf:&nbsp; &nbsp; &nbsp; &nbsp; &nbsp; &nbsp; &nbsp; &nbsp; &nbsp; &nbsp; &nbsp;Informatiker &#8211;&nbsp; Angestellter in Gro\u00dfkonzern Wohnhaft: Deutschland, Hessen Informatische Interessen:Softwarentwicklung,&nbsp;Integrierte&nbsp;Systeme, &nbsp;UML(MDA) Sprachen:Java, C++, C (aber ungern), &#8230;<\/p>\n<a href=\"https:\/\/www.fambach.net\/en\/ueber-mich\/\" class=\"read-more-link\">Continue reading <span class=\"screen-reader-text\">\"Impressum\"<\/span> <span class=\"meta-nav\">&rarr;<\/span><\/a>","protected":false},"author":1,"featured_media":0,"parent":0,"menu_order":10,"comment_status":"closed","ping_status":"closed","template":"","meta":{"_lmt_disableupdate":"","_lmt_disable":"","footnotes":""},"_links":{"self":[{"href":"https:\/\/www.fambach.net\/en\/wp-json\/wp\/v2\/pages\/33"}],"collection":[{"href":"https:\/\/www.fambach.net\/en\/wp-json\/wp\/v2\/pages"}],"about":[{"href":"https:\/\/www.fambach.net\/en\/wp-json\/wp\/v2\/types\/page"}],"author":[{"embeddable":true,"href":"https:\/\/www.fambach.net\/en\/wp-json\/wp\/v2\/users\/1"}],"replies":[{"embeddable":true,"href":"https:\/\/www.fambach.net\/en\/wp-json\/wp\/v2\/comments?post=33"}],"version-history":[{"count":11,"href":"https:\/\/www.fambach.net\/en\/wp-json\/wp\/v2\/pages\/33\/revisions"}],"predecessor-version":[{"id":9302,"href":"https:\/\/www.fambach.net\/en\/wp-json\/wp\/v2\/pages\/33\/revisions\/9302"}],"wp:attachment":[{"href":"https:\/\/www.fambach.net\/en\/wp-json\/wp\/v2\/media?parent=33"}],"curies":[{"name":"wp","href":"https:\/\/api.w.org\/{rel}","templated":true}]}}