{"id":337,"date":"2018-02-24T19:34:31","date_gmt":"2018-02-24T19:34:31","guid":{"rendered":"http:\/\/fambach.net\/?page_id=337"},"modified":"2024-02-18T10:59:24","modified_gmt":"2024-02-18T10:59:24","slug":"tools","status":"publish","type":"page","link":"https:\/\/www.fambach.net\/en\/tools\/","title":{"rendered":"Various"},"content":{"rendered":"<div id=\"ez-toc-container\" class=\"ez-toc-v2_0_73 ez-toc-wrap-left counter-hierarchy ez-toc-counter ez-toc-grey ez-toc-container-direction\">\n<div class=\"ez-toc-title-container\">\n<span class=\"ez-toc-title-toggle\"><a href=\"#\" class=\"ez-toc-pull-right ez-toc-btn ez-toc-btn-xs ez-toc-btn-default ez-toc-toggle\" aria-label=\"Toggle Table of Content\"><span class=\"ez-toc-js-icon-con\"><span class=\"\"><span class=\"eztoc-hide\" style=\"display:none;\">Toggle<\/span><span class=\"ez-toc-icon-toggle-span\"><svg style=\"fill: #999;color:#999\" xmlns=\"http:\/\/www.w3.org\/2000\/svg\" class=\"list-377408\" width=\"20px\" height=\"20px\" viewbox=\"0 0 24 24\" fill=\"none\"><path d=\"M6 6H4v2h2V6zm14 0H8v2h12V6zM4 11h2v2H4v-2zm16 0H8v2h12v-2zM4 16h2v2H4v-2zm16 0H8v2h12v-2z\" fill=\"currentColor\"><\/path><\/svg><svg style=\"fill: #999;color:#999\" class=\"arrow-unsorted-368013\" xmlns=\"http:\/\/www.w3.org\/2000\/svg\" width=\"10px\" height=\"10px\" viewbox=\"0 0 24 24\" version=\"1.2\" baseprofile=\"tiny\"><path d=\"M18.2 9.3l-6.2-6.3-6.2 6.3c-.2.2-.3.4-.3.7s.1.5.3.7c.2.2.4.3.7.3h11c.3 0 .5-.1.7-.3.2-.2.3-.5.3-.7s-.1-.5-.3-.7zM5.8 14.7l6.2 6.3 6.2-6.3c.2-.2.3-.5.3-.7s-.1-.5-.3-.7c-.2-.2-.4-.3-.7-.3h-11c-.3 0-.5.1-.7.3-.2.2-.3.5-.3.7s.1.5.3.7z\"\/><\/svg><\/span><\/span><\/span><\/a><\/span><\/div>\n<nav><ul class='ez-toc-list ez-toc-list-level-1' ><li class='ez-toc-page-1 ez-toc-heading-level-1'><a class=\"ez-toc-link ez-toc-heading-1\" href=\"https:\/\/www.fambach.net\/en\/tools-java-socket-console\/#Vorausetzung\" title=\"Vorausetzung\">Vorausetzung<\/a><\/li><li class='ez-toc-page-1 ez-toc-heading-level-1'><a class=\"ez-toc-link ez-toc-heading-2\" href=\"https:\/\/www.fambach.net\/en\/tools-java-socket-console\/#Starten\" title=\"Starten\">Starten<\/a><\/li><li class='ez-toc-page-1 ez-toc-heading-level-1'><a class=\"ez-toc-link ez-toc-heading-3\" href=\"https:\/\/www.fambach.net\/en\/tools-java-socket-console\/#Ausgabe\" title=\"Ausgabe\">Ausgabe<\/a><\/li><li class='ez-toc-page-1 ez-toc-heading-level-1'><a class=\"ez-toc-link ez-toc-heading-4\" href=\"https:\/\/www.fambach.net\/en\/tools-java-socket-console\/#Dateien\" title=\"Dateien\">Dateien<\/a><ul class='ez-toc-list-level-2' ><li class='ez-toc-heading-level-2'><a class=\"ez-toc-link ez-toc-heading-5\" href=\"https:\/\/www.fambach.net\/en\/tools-java-socket-console\/#Jar_Archiv\" title=\"Jar Archiv\">Jar Archiv<\/a><\/li><li class='ez-toc-page-1 ez-toc-heading-level-2'><a class=\"ez-toc-link ez-toc-heading-6\" href=\"https:\/\/www.fambach.net\/en\/tools-java-socket-console\/#Sourcen_Eclipse_Projekt\" title=\"Sourcen (Eclipse Projekt)\">Sourcen (Eclipse Projekt)<\/a><\/li><\/ul><\/li><li class='ez-toc-page-1 ez-toc-heading-level-1'><a class=\"ez-toc-link ez-toc-heading-7\" href=\"https:\/\/www.fambach.net\/en\/tools-java-socket-console\/#Probleme\" title=\"Problems\">Problems<\/a><\/li><li class='ez-toc-page-1 ez-toc-heading-level-1'><a class=\"ez-toc-link ez-toc-heading-8\" href=\"https:\/\/www.fambach.net\/en\/tools-java-socket-console\/#Quellen\" title=\"Sources\">Sources<\/a><\/li><\/ul><\/nav><\/div>\n\n<h1 class=\"wp-block-heading\">Eigenentwicklungen<\/h1>\n\n\n<div class=\"display-posts-listing\">\n<div class=\"listing-item\"><a class=\"title\" href=\"https:\/\/www.fambach.net\/en\/customkeyboard\/\">CustomKeyboard Library<\/a><\/div>\n<div class=\"listing-item\"><a class=\"title\" href=\"https:\/\/www.fambach.net\/en\/mysd-anpassung-der-arduino-bibliothek\/\">MySD adjustment of the Arduino library<\/a><\/div>\n<div class=\"listing-item\"><a class=\"title\" href=\"https:\/\/www.fambach.net\/en\/switchlib\/\">SwitchLib<\/a><\/div>\n<div class=\"listing-item\"><a class=\"title\" href=\"https:\/\/www.fambach.net\/en\/menue-klassen-fuer-lcd-displays\/\">Menu classes for LCD displays<\/a><\/div>\n<div class=\"listing-item\"><a class=\"title\" href=\"https:\/\/www.fambach.net\/en\/java-ip-fernbedienung\/\">Java &#8211; IP Fernbedienung<\/a><\/div>\n<div class=\"listing-item\"><a class=\"title\" href=\"https:\/\/www.fambach.net\/en\/tools-java-socket-console\/\">Java Socket Konsolen Server<\/a><\/div>\n<\/div>\n\n\n\n<h1 class=\"wp-block-heading\">Tools<\/h1>\n\n\n\n<figure class=\"wp-block-table is-style-stripes\"><table><tbody><tr><td>Name\/Link<\/td><td>Description<\/td><\/tr><tr><td><a href=\"https:\/\/www.putty.org\/\" target=\"_blank\" rel=\"noreferrer noopener\">Putty<\/a><\/td><td>SSH Client und mehr<\/td><\/tr><tr><td><a href=\"https:\/\/mobaxterm.mobatek.net\/download-home-edition.html\" target=\"_blank\" rel=\"noreferrer noopener\">MobaXterm<\/a><\/td><td>Terminal Client mit X support<\/td><\/tr><tr><td><a href=\"https:\/\/winscp.net\/eng\/download.php\" target=\"_blank\" rel=\"noreferrer noopener\">WinScp<\/a><\/td><td>SSH Dateien \u00fcbertragen<\/td><\/tr><tr><td><a href=\"https:\/\/zadig.akeo.ie\/\">Zadig<\/a><\/td><td>USB Treiber ersetzungstool<\/td><\/tr><tr><td><a href=\"http:\/\/oleddisplay.squix.ch\/#\/home\">Font Converter<\/a><\/td><td>Konverter f\u00fcr fonts zu arrays f\u00fcr Oled Dispays<\/td><\/tr><tr><td><\/td><td><\/td><\/tr><tr><td><\/td><td><\/td><\/tr><tr><td><\/td><td><\/td><\/tr><tr><td><\/td><td><\/td><\/tr><tr><td><\/td><td><\/td><\/tr><tr><td><\/td><td><\/td><\/tr><\/tbody><\/table><figcaption class=\"wp-element-caption\">Tools f\u00fcr den Alltag<\/figcaption><\/figure>\n\n\n\n<h1 class=\"wp-block-heading\">Links<\/h1>\n\n\n\n<figure class=\"wp-block-table is-style-stripes\"><table><tbody><tr><td>Name\/Link<\/td><td><\/td><td>Pic<\/td><td>Spanish<\/td><td>Ard.<\/td><td>Pi<\/td><td>Kommentar<\/td><\/tr><tr><td><a href=\"https:\/\/randomnerdtutorials.com\/\">Random Nerd Tutorials<\/a><\/td><td><\/td><td><\/td><td>X<\/td><td>X<\/td><td>X<\/td><td><\/td><\/tr><tr><td><a href=\"https:\/\/lastminuteengineers.com\/\">Last Minute Engineers<\/a><\/td><td><\/td><td><\/td><td>X<\/td><td><\/td><td>X<\/td><td><\/td><\/tr><tr><td><a href=\"https:\/\/simple-circuit.com\/\">Simple Circuit<\/a><\/td><td><\/td><td>X<\/td><td>X<\/td><td><\/td><td>X<\/td><td><\/td><\/tr><tr><td><a href=\"https:\/\/wiki.dfrobot.com\/\">DF Robot<\/a><\/td><td><\/td><td><\/td><td><\/td><td>X<\/td><td><\/td><td>Add-on boards<\/td><\/tr><tr><td><a href=\"http:\/\/stefanfrings.de\/avr_tools\/\" target=\"_blank\" rel=\"noreferrer noopener\">AvrTools<\/a><\/td><td><\/td><td><\/td><td>X<\/td><td>X<\/td><td><\/td><td>Infos zu Avr<\/td><\/tr><tr><td><a href=\"https:\/\/www.ps-robotics.de\/\" target=\"_blank\" rel=\"noreferrer noopener\">ps-robotics<\/a> <\/td><td><\/td><td><\/td><td><\/td><td><\/td><td><\/td><td>Interessante Seite zum Roboterbau<\/td><\/tr><tr><td><a rel=\"noreferrer noopener\" href=\"https:\/\/www.eembc.org\/coremark\/\" target=\"_blank\">Coremark<\/a><\/td><td><\/td><td>X<\/td><td>X<\/td><td>X<\/td><td>X<\/td><td>Kern Benchmark f\u00fcr Embeeded Systems<\/td><\/tr><tr><td><a href=\"https:\/\/en.wikipedia.org\/wiki\/Dhrystone\" target=\"_blank\" rel=\"noreferrer noopener\">Dhrystone<\/a><\/td><td><\/td><td>X<\/td><td>X<\/td><td>X<\/td><td>X<\/td><td>Compiler Benchmark f\u00fcr Embeddes Systems, <br>Link geht auf den Wiki-Pedia Artikel<\/td><\/tr><tr><td><\/td><td><\/td><td><\/td><td><\/td><td><\/td><td><\/td><td><\/td><\/tr><tr><td><\/td><td><\/td><td><\/td><td><\/td><td><\/td><td><\/td><td><\/td><\/tr><tr><td><\/td><td><\/td><td><\/td><td><\/td><td><\/td><td><\/td><td><\/td><\/tr><tr><td><\/td><td><\/td><td><\/td><td><\/td><td><\/td><td><\/td><td><\/td><\/tr><tr><td><\/td><td><\/td><td><\/td><td><\/td><td><\/td><td><\/td><td><\/td><\/tr><tr><td><\/td><td><\/td><td><\/td><td><\/td><td><\/td><td><\/td><td><\/td><\/tr><tr><td><\/td><td><\/td><td><\/td><td><\/td><td><\/td><td><\/td><td><\/td><\/tr><tr><td><\/td><td><\/td><td><\/td><td><\/td><td><\/td><td><\/td><td><\/td><\/tr><tr><td><\/td><td><\/td><td><\/td><td><\/td><td><\/td><td><\/td><td><\/td><\/tr><tr><td><\/td><td><\/td><td><\/td><td><\/td><td><\/td><td><\/td><td><\/td><\/tr><tr><td><\/td><td><\/td><td><\/td><td><\/td><td><\/td><td><\/td><td><\/td><\/tr><\/tbody><\/table><figcaption class=\"wp-element-caption\">Link Sammlung<\/figcaption><\/figure>\n\n\n\n<h1 class=\"wp-block-heading\">Shops <\/h1>\n\n\n\n<p>Hier ein paar shops die ich schon verwendet habe, die Reichenfolge ist hierbei zuf\u00e4llig gew\u00e4hlt.<\/p>\n\n\n\n<figure class=\"wp-block-table is-style-stripes\"><table><thead><tr><th>Link<\/th><th>Note<\/th><th>Arduino<\/th><th>Spanish<\/th><th>Raspberry<\/th><\/tr><\/thead><tbody><tr><td><a href=\"https:\/\/eckstein-shop.de\" target=\"_blank\" rel=\"noreferrer noopener\">Eckstein<\/a><\/td><td>Versandhandel<\/td><td>X<\/td><td>X<\/td><td>X<\/td><\/tr><tr><td><a href=\"https:\/\/www.adafruit.com\" target=\"_blank\" rel=\"noreferrer noopener\">Adafruit Industries<\/a><\/td><td>Macht ihre eigenen Boards und ist sehr engagiert bei der Entwicklung von neuen Libs. Lohnt sich zu unterst\u00fctzen. Entwickelt auch eigene Boards.<\/td><td>X<\/td><td>X<\/td><td>X<\/td><\/tr><tr><td><a href=\"https:\/\/www.robotshop.com\/de\" target=\"_blank\" rel=\"noreferrer noopener\">Robotshop<\/a><\/td><td><\/td><td><\/td><td><\/td><td><\/td><\/tr><tr><td><a href=\"https:\/\/www.az-delivery.de\/\" target=\"_blank\" rel=\"noreferrer noopener\">AZ-Delivery<\/a><\/td><td>Shop spezialisiert auf den Import von Roboter Elektronik, wenn es mal schnell gehen soll und man nicht auf die Sendung aus China warten will. ESP <\/td><td>X<\/td><td>X<\/td><td>X<\/td><\/tr><tr><td><a href=\"https:\/\/store.arduino.cc\/cart\" target=\"_blank\" rel=\"noreferrer noopener\">Arduino Shop<\/a><\/td><td>Der offizielle Arduino Shop<\/td><td>X<\/td><td>(X)<\/td><td><\/td><\/tr><tr><td><a href=\"https:\/\/www.makerfabs.com\/\">Makerfabs<\/a><\/td><td>Shop mit eigenentwickelten boards<\/td><td>X<\/td><td>X<\/td><td><\/td><\/tr><tr><td><\/td><td><\/td><td><\/td><td><\/td><td><\/td><\/tr><tr><td><\/td><td><\/td><td><\/td><td><\/td><td><\/td><\/tr><tr><td><a href=\"https:\/\/www.dfrobot.com\/\" target=\"_blank\" rel=\"noreferrer noopener\">DF-Robot <\/a><\/td><td>Eigene ESP Lernserie und ein paar interessante Boards f\u00fcr den Roboterbau.<\/td><td>X<\/td><td>X<\/td><td>X<\/td><\/tr><tr><td><a href=\"https:\/\/www.pollin.de\/\" target=\"_blank\" rel=\"noreferrer noopener\">Pollin<\/a><\/td><td>Gro\u00dfer Elektroversandhandel, hat nahezu alles. <\/td><td>X<\/td><td>X<\/td><td>X<\/td><\/tr><tr><td><a href=\"https:\/\/www.berrybase.de\/\" target=\"_blank\" rel=\"noreferrer noopener\">Berry Base<\/a><\/td><td>Spezialisiert auf Raspberry hat aber auch andere Sachen.<\/td><td>X<\/td><td>X<\/td><td>X<\/td><\/tr><tr><td><a href=\"https:\/\/www.mybotshop.de\/\" target=\"_blank\" rel=\"noreferrer noopener\">My Bot Shop<\/a><\/td><td>Lernroboter auf Industrie niveau. Auch zu Industrie Preisen.<\/td><td><\/td><td><\/td><td><\/td><\/tr><tr><td><a href=\"https:\/\/www.roboter-bausatz.de\/\" target=\"_blank\" rel=\"noreferrer noopener\">Roboter-Bausatz<\/a><\/td><td>Versandhandel<\/td><td>X<\/td><td>X<\/td><td>X<\/td><\/tr><tr><td><a rel=\"noreferrer noopener\" href=\"https:\/\/www.pololu.com\/\" target=\"_blank\">Pol<\/a><a href=\"https:\/\/www.pololu.com\/\" target=\"_blank\" rel=\"noreferrer noopener\">o<\/a><a rel=\"noreferrer noopener\" href=\"https:\/\/www.pololu.com\/\" target=\"_blank\">lu<\/a><\/td><td>Versandh\u00e4ndler, bei diesem Shop hatte ich meinen ersten Zumo bestellt.<\/td><td>X<\/td><td>X<\/td><td>X<\/td><\/tr><tr><td><a href=\"https:\/\/www.conrad.de\/\" target=\"_blank\" rel=\"noreferrer noopener\">Conrad<\/a><\/td><td>Einer der gro\u00dfen deutschen Elektro Versandhandel. Hat Shops in gr\u00f6\u00dferen St\u00e4dten.<\/td><td>X<\/td><td>X<\/td><td>X<\/td><\/tr><tr><td><a href=\"https:\/\/www.reichelt.de\/\" target=\"_blank\" rel=\"noreferrer noopener\">Reichelt Elektronik<\/a><\/td><td>Einer der gro\u00dfen deutschen Elektro Versandhandel. Hat Shops in gr\u00f6\u00dferen St\u00e4dten.<\/td><td>X<\/td><td>X<\/td><td>X<\/td><\/tr><tr><td><a href=\"http:\/\/Amazon.de\" target=\"_blank\" rel=\"noreferrer noopener\">Amazon<\/a><\/td><td>Viele Anbieter sind auch auf Amazon vertreten, auf die Preise achten.<\/td><td>X<\/td><td>X<\/td><td>X<\/td><\/tr><tr><td><a href=\"https:\/\/best.aliexpress.com\/?lan=en\" target=\"_blank\" rel=\"noreferrer noopener\">Aliexpress<\/a><\/td><td>Gro\u00dfer H\u00e4ndler wie Amazon nur im asiatischem Raum <\/td><td><\/td><td><\/td><td><\/td><\/tr><tr><td><a href=\"https:\/\/www.banggood.com\">Banggood<\/a><\/td><td>Gro\u00dfer H\u00e4ndler wie Amazon nur im asiatischem Raum <\/td><td>X<\/td><td>X<\/td><td>X<\/td><\/tr><tr><td><a href=\"https:\/\/www.servocity.com\/\" target=\"_blank\" rel=\"noreferrer noopener\">Servocity<\/a><\/td><td>Haupts\u00e4chlich Chassisteile <\/td><td><\/td><td><\/td><td><\/td><\/tr><tr><td><\/td><td><\/td><td><\/td><td><\/td><td><\/td><\/tr><tr><td><\/td><td><\/td><td><\/td><td><\/td><td><\/td><\/tr><tr><td><\/td><td><\/td><td><\/td><td><\/td><td><\/td><\/tr><\/tbody><\/table><\/figure>\n\n\n\n<p><\/p>\n\n\n\n<h1 class=\"wp-block-heading\">Wunschliste<\/h1>\n\n\n\n<p>Alles was ich mir gerne mal ansehen m\u00f6chte aber aktuell keine Kapas f\u00fcr habe.<\/p>\n\n\n\n<figure class=\"wp-block-table is-style-stripes has-medium-font-size\"><table><thead><tr><th>Tool<\/th><th>Price<\/th><th>Note<\/th><\/tr><\/thead><tbody><tr><td><a href=\"https:\/\/store.arduino.cc\/products\/arduino-nano-motor-carrier?variant=40780207227031\">Arduino Nano Motor Carrier<\/a><\/td><td>65\u20ac<\/td><td>Wirklich interessant als Roboter Gehirn<\/td><\/tr><tr><td><a href=\"https:\/\/store.arduino.cc\/products\/nano-esp32?variant=46849606123857\">Arduino\u00ae Nano ESP32<\/a><\/td><td>18\u20ac<\/td><td><\/td><\/tr><tr><td><a href=\"https:\/\/store.arduino.cc\/products\/arduino-nano-rp2040-connect?variant=40030886199447\">Arduino Nano RP2040 Connect<\/a><\/td><td>18\u20ac<\/td><td><\/td><\/tr><tr><td><a href=\"https:\/\/de.aliexpress.com\/item\/1005005407386973.html?spm=a2g0o.productlist.seoads.3.4eb65bb7dR1qsS&amp;p4p_pvid=202309170308424671116111501440009964545_2&amp;s=p\" target=\"_blank\" rel=\"noreferrer noopener\">ESP32 8 Relay Board<\/a><\/td><td>25\u20ac<\/td><td><\/td><\/tr><tr><td><a href=\"https:\/\/de.aliexpress.com\/item\/1005005407261864.html?spm=a2g0o.productlist.seoads.9.1219387cn8A0p2&amp;p4p_pvid=202309170311462162983633552710010152889_5&amp;s=p\" target=\"_blank\" rel=\"noreferrer noopener\">ESP32 2 Relay Board<\/a><\/td><td>15\u20ac<\/td><td><\/td><\/tr><tr><td><strong>DC 3,7 V 5V Dosierpumpe<\/strong><\/td><td>5-15\u20ac<\/td><td><\/td><\/tr><tr><td><\/td><td><\/td><td><\/td><\/tr><tr><td><\/td><td><\/td><td><\/td><\/tr><tr><td><\/td><td><\/td><td><\/td><\/tr><tr><td><\/td><td><\/td><td><\/td><\/tr><tr><td><\/td><td><\/td><td><\/td><\/tr><tr><td><\/td><td><\/td><td><\/td><\/tr><tr><td><\/td><td><\/td><td><\/td><\/tr><tr><td><\/td><td><\/td><td><\/td><\/tr><tr><td><\/td><td><\/td><td><\/td><\/tr><tr><td><\/td><td><\/td><td><\/td><\/tr><tr><td><\/td><td><\/td><td><\/td><\/tr><tr><td><\/td><td><\/td><td><\/td><\/tr><tr><td><\/td><td><\/td><td><\/td><\/tr><tr><td><\/td><td><\/td><td><\/td><\/tr><tr><td><\/td><td><\/td><td><\/td><\/tr><tr><td><\/td><td><\/td><td><\/td><\/tr><tr><td><\/td><td><\/td><td><\/td><\/tr><\/tbody><\/table><\/figure>","protected":false},"excerpt":{"rendered":"<p>Eigenentwicklungen Tools Name\/Link Beschreibung Putty SSH Client und mehr MobaXterm Terminal Client mit X support WinScp SSH Dateien \u00fcbertragen Zadig USB Treiber ersetzungstool Font Converter Konverter f\u00fcr fonts zu arrays f\u00fcr Oled Dispays Tools f\u00fcr den Alltag Links Name\/Link Pic ESP Ard. Pi Kommentar Random Nerd Tutorials X X X Last Minute Engineers X X &#8230;<\/p>\n<a href=\"https:\/\/www.fambach.net\/en\/tools-java-socket-console\/\" class=\"read-more-link\">Continue reading <span class=\"screen-reader-text\">\"Java Socket Konsolen Server\"<\/span> <span class=\"meta-nav\">&rarr;<\/span><\/a>","protected":false},"author":1,"featured_media":0,"parent":0,"menu_order":7,"comment_status":"open","ping_status":"closed","template":"","meta":{"_lmt_disableupdate":"no","_lmt_disable":"","footnotes":""},"_links":{"self":[{"href":"https:\/\/www.fambach.net\/en\/wp-json\/wp\/v2\/pages\/337"}],"collection":[{"href":"https:\/\/www.fambach.net\/en\/wp-json\/wp\/v2\/pages"}],"about":[{"href":"https:\/\/www.fambach.net\/en\/wp-json\/wp\/v2\/types\/page"}],"author":[{"embeddable":true,"href":"https:\/\/www.fambach.net\/en\/wp-json\/wp\/v2\/users\/1"}],"replies":[{"embeddable":true,"href":"https:\/\/www.fambach.net\/en\/wp-json\/wp\/v2\/comments?post=337"}],"version-history":[{"count":59,"href":"https:\/\/www.fambach.net\/en\/wp-json\/wp\/v2\/pages\/337\/revisions"}],"predecessor-version":[{"id":10428,"href":"https:\/\/www.fambach.net\/en\/wp-json\/wp\/v2\/pages\/337\/revisions\/10428"}],"wp:attachment":[{"href":"https:\/\/www.fambach.net\/en\/wp-json\/wp\/v2\/media?parent=337"}],"curies":[{"name":"wp","href":"https:\/\/api.w.org\/{rel}","templated":true}]}}