{"id":695,"date":"2018-03-23T07:55:35","date_gmt":"2018-03-23T07:55:35","guid":{"rendered":"http:\/\/fambach.net\/?page_id=695"},"modified":"2024-01-27T15:29:15","modified_gmt":"2024-01-27T15:29:15","slug":"startseite","status":"publish","type":"page","link":"https:\/\/www.fambach.net\/en\/startseite\/","title":{"rendered":"Homepage"},"content":{"rendered":"<div id=\"ez-toc-container\" class=\"ez-toc-v2_0_73 ez-toc-wrap-left counter-hierarchy ez-toc-counter ez-toc-grey ez-toc-container-direction\">\n<div class=\"ez-toc-title-container\">\n<span class=\"ez-toc-title-toggle\"><a href=\"#\" class=\"ez-toc-pull-right ez-toc-btn ez-toc-btn-xs ez-toc-btn-default ez-toc-toggle\" aria-label=\"Toggle Table of Content\"><span class=\"ez-toc-js-icon-con\"><span class=\"\"><span class=\"eztoc-hide\" style=\"display:none;\">Toggle<\/span><span class=\"ez-toc-icon-toggle-span\"><svg style=\"fill: #999;color:#999\" xmlns=\"http:\/\/www.w3.org\/2000\/svg\" class=\"list-377408\" width=\"20px\" height=\"20px\" viewbox=\"0 0 24 24\" fill=\"none\"><path d=\"M6 6H4v2h2V6zm14 0H8v2h12V6zM4 11h2v2H4v-2zm16 0H8v2h12v-2zM4 16h2v2H4v-2zm16 0H8v2h12v-2z\" fill=\"currentColor\"><\/path><\/svg><svg style=\"fill: #999;color:#999\" class=\"arrow-unsorted-368013\" xmlns=\"http:\/\/www.w3.org\/2000\/svg\" width=\"10px\" height=\"10px\" viewbox=\"0 0 24 24\" version=\"1.2\" baseprofile=\"tiny\"><path d=\"M18.2 9.3l-6.2-6.3-6.2 6.3c-.2.2-.3.4-.3.7s.1.5.3.7c.2.2.4.3.7.3h11c.3 0 .5-.1.7-.3.2-.2.3-.5.3-.7s-.1-.5-.3-.7zM5.8 14.7l6.2 6.3 6.2-6.3c.2-.2.3-.5.3-.7s-.1-.5-.3-.7c-.2-.2-.4-.3-.7-.3h-11c-.3 0-.5.1-.7.3-.2.2-.3.5-.3.7s.1.5.3.7z\"\/><\/svg><\/span><\/span><\/span><\/a><\/span><\/div>\n<nav><ul class='ez-toc-list ez-toc-list-level-1' ><li class='ez-toc-page-1 ez-toc-heading-level-1'><a class=\"ez-toc-link ez-toc-heading-1\" href=\"https:\/\/www.fambach.net\/en\/retro_pojekt-isa-boot-isa-boot-eeprom-karte\/#Link_zum_Projekt\" title=\"Link to the project\">Link to the project<\/a><\/li><li class='ez-toc-page-1 ez-toc-heading-level-1'><a class=\"ez-toc-link ez-toc-heading-2\" href=\"https:\/\/www.fambach.net\/en\/retro_pojekt-isa-boot-isa-boot-eeprom-karte\/#Ansichten\" title=\"Views\">Views<\/a><\/li><li class='ez-toc-page-1 ez-toc-heading-level-1'><a class=\"ez-toc-link ez-toc-heading-3\" href=\"https:\/\/www.fambach.net\/en\/retro_pojekt-isa-boot-isa-boot-eeprom-karte\/#Fakten\" title=\"Facts\">Facts<\/a><ul class='ez-toc-list-level-2' ><li class='ez-toc-heading-level-2'><a class=\"ez-toc-link ez-toc-heading-4\" href=\"https:\/\/www.fambach.net\/en\/retro_pojekt-isa-boot-isa-boot-eeprom-karte\/#Schaltplane\" title=\"Circuit diagrams\">Circuit diagrams<\/a><\/li><li class='ez-toc-page-1 ez-toc-heading-level-2'><a class=\"ez-toc-link ez-toc-heading-5\" href=\"https:\/\/www.fambach.net\/en\/retro_pojekt-isa-boot-isa-boot-eeprom-karte\/#Dokumentation\" title=\"Documentation\">Documentation<\/a><\/li><\/ul><\/li><li class='ez-toc-page-1 ez-toc-heading-level-1'><a class=\"ez-toc-link ez-toc-heading-6\" href=\"https:\/\/www.fambach.net\/en\/retro_pojekt-isa-boot-isa-boot-eeprom-karte\/#Zusammenbau\" title=\"Assembly\">Assembly<\/a><ul class='ez-toc-list-level-2' ><li class='ez-toc-heading-level-2'><a class=\"ez-toc-link ez-toc-heading-7\" href=\"https:\/\/www.fambach.net\/en\/retro_pojekt-isa-boot-isa-boot-eeprom-karte\/#Platine\" title=\"Record\">Record<\/a><\/li><li class='ez-toc-page-1 ez-toc-heading-level-2'><a class=\"ez-toc-link ez-toc-heading-8\" href=\"https:\/\/www.fambach.net\/en\/retro_pojekt-isa-boot-isa-boot-eeprom-karte\/#Bauteile\" title=\"Components\">Components<\/a><\/li><li class='ez-toc-page-1 ez-toc-heading-level-2'><a class=\"ez-toc-link ez-toc-heading-9\" href=\"https:\/\/www.fambach.net\/en\/retro_pojekt-isa-boot-isa-boot-eeprom-karte\/#Aufbau\" title=\"Structure\">Structure<\/a><ul class='ez-toc-list-level-3' ><li class='ez-toc-heading-level-3'><a class=\"ez-toc-link ez-toc-heading-10\" href=\"https:\/\/www.fambach.net\/en\/retro_pojekt-isa-boot-isa-boot-eeprom-karte\/#Varianten\" title=\"Varianten\">Varianten<\/a><\/li><li class='ez-toc-page-1 ez-toc-heading-level-3'><a class=\"ez-toc-link ez-toc-heading-11\" href=\"https:\/\/www.fambach.net\/en\/retro_pojekt-isa-boot-isa-boot-eeprom-karte\/#Reihenfolge\" title=\"Reihenfolge\">Reihenfolge<\/a><\/li><\/ul><\/li><\/ul><\/li><li class='ez-toc-page-1 ez-toc-heading-level-1'><a class=\"ez-toc-link ez-toc-heading-12\" href=\"https:\/\/www.fambach.net\/en\/retro_pojekt-isa-boot-isa-boot-eeprom-karte\/#Inbetriebnahme\" title=\"Commissioning\">Commissioning<\/a><ul class='ez-toc-list-level-2' ><li class='ez-toc-heading-level-2'><a class=\"ez-toc-link ez-toc-heading-13\" href=\"https:\/\/www.fambach.net\/en\/retro_pojekt-isa-boot-isa-boot-eeprom-karte\/#Firmware\" title=\"Firmware\">Firmware<\/a><\/li><li class='ez-toc-page-1 ez-toc-heading-level-2'><a class=\"ez-toc-link ez-toc-heading-14\" href=\"https:\/\/www.fambach.net\/en\/retro_pojekt-isa-boot-isa-boot-eeprom-karte\/#Treiber\" title=\"Driver\">Driver<\/a><\/li><li class='ez-toc-page-1 ez-toc-heading-level-2'><a class=\"ez-toc-link ez-toc-heading-15\" href=\"https:\/\/www.fambach.net\/en\/retro_pojekt-isa-boot-isa-boot-eeprom-karte\/#Konfiguration\" title=\"Configuration\">Configuration<\/a><\/li><\/ul><\/li><li class='ez-toc-page-1 ez-toc-heading-level-1'><a class=\"ez-toc-link ez-toc-heading-16\" href=\"https:\/\/www.fambach.net\/en\/retro_pojekt-isa-boot-isa-boot-eeprom-karte\/#Sonstiges\" title=\"Miscellaneous\">Miscellaneous<\/a><ul class='ez-toc-list-level-2' ><li class='ez-toc-heading-level-2'><a class=\"ez-toc-link ez-toc-heading-17\" href=\"https:\/\/www.fambach.net\/en\/retro_pojekt-isa-boot-isa-boot-eeprom-karte\/#Rom_Tools\" title=\"Rom Tools\">Rom Tools<\/a><\/li><li class='ez-toc-page-1 ez-toc-heading-level-2'><a class=\"ez-toc-link ez-toc-heading-18\" href=\"https:\/\/www.fambach.net\/en\/retro_pojekt-isa-boot-isa-boot-eeprom-karte\/#74LS688_Komaprator_Datenblatt\" title=\"74LS688 Komaprator Datenblatt\">74LS688 Komaprator Datenblatt<\/a><\/li><li class='ez-toc-page-1 ez-toc-heading-level-2'><a class=\"ez-toc-link ez-toc-heading-19\" href=\"https:\/\/www.fambach.net\/en\/retro_pojekt-isa-boot-isa-boot-eeprom-karte\/#27C256_64kByte_UEPROM\" title=\"27C256 64kByte UEPROM\">27C256 64kByte UEPROM<\/a><\/li><li class='ez-toc-page-1 ez-toc-heading-level-2'><a class=\"ez-toc-link ez-toc-heading-20\" href=\"https:\/\/www.fambach.net\/en\/retro_pojekt-isa-boot-isa-boot-eeprom-karte\/#Generelle_Tips\" title=\"General Tips\">General Tips<\/a><ul class='ez-toc-list-level-3' ><li class='ez-toc-heading-level-3'><a class=\"ez-toc-link ez-toc-heading-21\" href=\"https:\/\/www.fambach.net\/en\/retro_pojekt-isa-boot-isa-boot-eeprom-karte\/#Lotstellen\" title=\"Soldering points\">Soldering points<\/a><\/li><\/ul><\/li><\/ul><\/li><li class='ez-toc-page-1 ez-toc-heading-level-1'><a class=\"ez-toc-link ez-toc-heading-22\" href=\"https:\/\/www.fambach.net\/en\/retro_pojekt-isa-boot-isa-boot-eeprom-karte\/#Probleme\" title=\"Problems\">Problems<\/a><ul class='ez-toc-list-level-2' ><li class='ez-toc-heading-level-2'><a class=\"ez-toc-link ez-toc-heading-23\" href=\"https:\/\/www.fambach.net\/en\/retro_pojekt-isa-boot-isa-boot-eeprom-karte\/#XTIDE_wird_beim_Booten_nicht_gefunden\" title=\"XTIDE is not found on boot\">XTIDE is not found on boot<\/a><\/li><li class='ez-toc-page-1 ez-toc-heading-level-2'><a class=\"ez-toc-link ez-toc-heading-24\" href=\"https:\/\/www.fambach.net\/en\/retro_pojekt-isa-boot-isa-boot-eeprom-karte\/#Controller_nicht_gefunden\" title=\"Controller not found\">Controller not found<\/a><\/li><li class='ez-toc-page-1 ez-toc-heading-level-2'><a class=\"ez-toc-link ez-toc-heading-25\" href=\"https:\/\/www.fambach.net\/en\/retro_pojekt-isa-boot-isa-boot-eeprom-karte\/#Checksumm_Error\" title=\"Checksum Error\">Checksum Error<\/a><\/li><li class='ez-toc-page-1 ez-toc-heading-level-2'><a class=\"ez-toc-link ez-toc-heading-26\" href=\"https:\/\/www.fambach.net\/en\/retro_pojekt-isa-boot-isa-boot-eeprom-karte\/#Rom_lasst_sich_nicht_uber_XTIDECFG_Flashen\" title=\"The ROM cannot be flashed via XTIDECFG\">The ROM cannot be flashed via XTIDECFG<\/a><\/li><\/ul><\/li><li class='ez-toc-page-1 ez-toc-heading-level-1'><a class=\"ez-toc-link ez-toc-heading-27\" href=\"https:\/\/www.fambach.net\/en\/retro_pojekt-isa-boot-isa-boot-eeprom-karte\/#Fazit\" title=\"Conclusion\">Conclusion<\/a><\/li><li class='ez-toc-page-1 ez-toc-heading-level-1'><a class=\"ez-toc-link ez-toc-heading-28\" href=\"https:\/\/www.fambach.net\/en\/retro_pojekt-isa-boot-isa-boot-eeprom-karte\/#Verwandte_Beitrage\" title=\"Related Posts\">Related Posts<\/a><\/li><li class='ez-toc-page-1 ez-toc-heading-level-1'><a class=\"ez-toc-link ez-toc-heading-29\" href=\"https:\/\/www.fambach.net\/en\/retro_pojekt-isa-boot-isa-boot-eeprom-karte\/#Quellen\" title=\"Sources\">Sources<\/a><ul class='ez-toc-list-level-2' ><li class='ez-toc-heading-level-2'><a class=\"ez-toc-link ez-toc-heading-30\" href=\"https:\/\/www.fambach.net\/en\/retro_pojekt-isa-boot-isa-boot-eeprom-karte\/#Zum_Projekt\" title=\"To the project\">To the project<\/a><\/li><li class='ez-toc-page-1 ez-toc-heading-level-2'><a class=\"ez-toc-link ez-toc-heading-31\" href=\"https:\/\/www.fambach.net\/en\/retro_pojekt-isa-boot-isa-boot-eeprom-karte\/#Retro_Seiten\" title=\"Retro pages\">Retro pages<\/a><\/li><li class='ez-toc-page-1 ez-toc-heading-level-2'><a class=\"ez-toc-link ez-toc-heading-32\" href=\"https:\/\/www.fambach.net\/en\/retro_pojekt-isa-boot-isa-boot-eeprom-karte\/#Retro_Foren\" title=\"Retro Forensics\">Retro Forensics<\/a><\/li><li class='ez-toc-page-1 ez-toc-heading-level-2'><a class=\"ez-toc-link ez-toc-heading-33\" href=\"https:\/\/www.fambach.net\/en\/retro_pojekt-isa-boot-isa-boot-eeprom-karte\/#Retro_Shops\" title=\"Retro Shops\">Retro Shops<\/a><\/li><\/ul><\/li><li class='ez-toc-page-1 ez-toc-heading-level-1'><a class=\"ez-toc-link ez-toc-heading-34\" href=\"https:\/\/www.fambach.net\/en\/retro_pojekt-isa-boot-isa-boot-eeprom-karte\/#Logbuch\" title=\"Logbook\">Logbook<\/a><\/li><\/ul><\/nav><\/div>\n\n<figure class=\"wp-block-embed is-type-wp-embed is-provider-stefan-039-s-webblog wp-block-embed-stefan-039-s-webblog\"><div class=\"wp-block-embed__wrapper\">\n<blockquote class=\"wp-embedded-content\" data-secret=\"oJWBZ3zDZL\"><a href=\"https:\/\/www.fambach.net\/en\/willkommen\/\">Welcome to my blog<\/a><\/blockquote><iframe class=\"wp-embedded-content\" sandbox=\"allow-scripts\" security=\"restricted\" style=\"position: absolute; clip: rect(1px, 1px, 1px, 1px);\" title=\"&#8222;Willkommen auf meinem Blog&#8220; &#8212; Stefan&#039;s WebBlog\" src=\"https:\/\/www.fambach.net\/willkommen\/embed\/#?secret=vb2QO0eh14#?secret=oJWBZ3zDZL\" data-secret=\"oJWBZ3zDZL\" width=\"600\" height=\"338\" frameborder=\"0\" marginwidth=\"0\" marginheight=\"0\" scrolling=\"no\"><\/iframe>\n<\/div><\/figure>\n\n\n<ul class=\"display-posts-listing\">\n<li class=\"listing-item\"><a class=\"title\" href=\"https:\/\/www.fambach.net\/en\/willkommen\/\">Welcome to my blog<\/a> <span class=\"date\">08. 8 2018<\/span> <span class=\"excerpt-dash\">\u2013<\/span> <span class=\"excerpt\">Ich habe schon ein paar Projekte mit Microcontrollern erfolgreich abgeschlossen. Da ich durch meine Arbeit und Familie manchmal Wochen oder gar Monate lang nicht zum Weitermachen komme, fange ich danach meist wieder von vorne an. Irgendwann war ich es leid, deshalb habe ich mich entschlossen die, dem Internet entlockten Erkenntnisse, aufzuschreiben oder zumindest zu verlinken.&hellip; <a class=\"excerpt-more\" href=\"https:\/\/www.fambach.net\/en\/willkommen\/\"> ...<\/a><\/span><\/li>\n<li class=\"listing-item\"><a class=\"image\" href=\"https:\/\/www.fambach.net\/en\/retro_pojekt-retro-projekt-monotech-isa-doublerom\/\"><img loading=\"lazy\" decoding=\"async\" width=\"840\" height=\"473\" src=\"https:\/\/www.fambach.net\/wp-content\/uploads\/20250706_193115-1024x576.jpg\" class=\"attachment-large size-large wp-post-image\" alt=\"\" srcset=\"https:\/\/www.fambach.net\/wp-content\/uploads\/20250706_193115-1024x576.jpg 1024w, https:\/\/www.fambach.net\/wp-content\/uploads\/20250706_193115-300x169.jpg 300w, https:\/\/www.fambach.net\/wp-content\/uploads\/20250706_193115-768x432.jpg 768w, https:\/\/www.fambach.net\/wp-content\/uploads\/20250706_193115-1536x864.jpg 1536w, https:\/\/www.fambach.net\/wp-content\/uploads\/20250706_193115-2048x1151.jpg 2048w\" sizes=\"(max-width: 599px) calc(100vw - 50px), (max-width: 767px) calc(100vw - 70px), (max-width: 991px) 429px, (max-width: 1199px) 637px, 354px\" \/><\/a> <a class=\"title\" href=\"https:\/\/www.fambach.net\/en\/retro_pojekt-retro-projekt-monotech-isa-doublerom\/\">Retro Projekt &#8211; Monotech ISA Double ROM<\/a> <span class=\"date\">06. 6 2025<\/span> <span class=\"excerpt-dash\">\u2013<\/span> <span class=\"excerpt\">Warum eine Karte mit nur einem ROM nehmen wenn ich doch eine bekommen kann die gleich zwei hat. Genau das m\u00f6gen sich die Entwickler von Monotech auch gedacht haben und haben eine Double ROM Karte layouted und noch besser sie haben die Hardware open source gemacht. Wer also nicht selbst basteln m\u00f6chte kann sich hier&hellip; <a class=\"excerpt-more\" href=\"https:\/\/www.fambach.net\/en\/retro_pojekt-retro-projekt-monotech-isa-doublerom\/\"> ...<\/a><\/span><\/li>\n<li class=\"listing-item\"><a class=\"image\" href=\"https:\/\/www.fambach.net\/en\/retro_pojekt-template-4\/\"><img loading=\"lazy\" decoding=\"async\" width=\"840\" height=\"583\" src=\"https:\/\/www.fambach.net\/wp-content\/uploads\/20251129_172551.jpg\" class=\"attachment-large size-large wp-post-image\" alt=\"\" \/><\/a> <a class=\"title\" href=\"https:\/\/www.fambach.net\/en\/retro_pojekt-template-4\/\">Retro Project - Greaseweazle 4.1<\/a> <span class=\"date\">06. 6 2025<\/span> <span class=\"excerpt-dash\">\u2013<\/span> <span class=\"excerpt\">Steuerplatine um per USB ein bis zwei Floppy Laufwerk anzusprechen zu k\u00f6nnen. Es werden diverse Formate unterst\u00fctzt und die Dokumentation ist wirklich ausf\u00fchrlich (siehe Wiki). Man muss das Projekt nicht selbst aufbauen es ist auch bei diversen Europ\u00e4ichen H\u00e4ndlern f\u00fcr rund 30\u20ac zu finden. Daf\u00fcr gibt es dann f\u00fcr ein paar Euros mehr noch ein&hellip; <a class=\"excerpt-more\" href=\"https:\/\/www.fambach.net\/en\/retro_pojekt-template-4\/\"> ...<\/a><\/span><\/li>\n<li class=\"listing-item\"><a class=\"image\" href=\"https:\/\/www.fambach.net\/en\/retro_pojekt-template-2-2\/\"><img loading=\"lazy\" decoding=\"async\" width=\"840\" height=\"349\" src=\"https:\/\/www.fambach.net\/wp-content\/uploads\/20250322_104001.jpg\" class=\"attachment-large size-large wp-post-image\" alt=\"\" \/><\/a> <a class=\"title\" href=\"https:\/\/www.fambach.net\/en\/retro_pojekt-template-2-2\/\">Retro Projekt &#8211; 16Bit ISA Riser Karte<\/a> <span class=\"date\">22. 22 2025<\/span> <span class=\"excerpt-dash\">\u2013<\/span> <span class=\"excerpt\">Auf der Suche nach einer Rise-Karte f\u00fcr Messungen am laufenden PC oder um die DIP-Schalter ohne Entfernen der Platine bet\u00e4tigen zu k\u00f6nnen, bin ich fast aus allen Wolken gefallen. Einfachste 30 Jahre alte Hardware wird zu horrenden Preisen verschachert. Auch muss beachtet werde, dass manche von ihnen Bord seitig mit propriet\u00e4ren Anschl\u00fcssen ausgestattet sind. Die&hellip; <a class=\"excerpt-more\" href=\"https:\/\/www.fambach.net\/en\/retro_pojekt-template-2-2\/\"> ...<\/a><\/span><\/li>\n<li class=\"listing-item\"><a class=\"image\" href=\"https:\/\/www.fambach.net\/en\/retro_sound-template-2\/\"><img loading=\"lazy\" decoding=\"async\" width=\"840\" height=\"340\" src=\"https:\/\/www.fambach.net\/wp-content\/uploads\/20260411_204155.jpg\" class=\"attachment-large size-large wp-post-image\" alt=\"\" \/><\/a> <a class=\"title\" href=\"https:\/\/www.fambach.net\/en\/retro_sound-template-2\/\">Retro Sound \u2013 Diamond Technology DT0398<\/a> <span class=\"date\">11. 11 2026<\/span> <span class=\"excerpt-dash\">\u2013<\/span> <span class=\"excerpt\">Herausgekommen um 1998 mit PCI Schnittstelle , kommt diese Karte eher gew\u00f6hnlich daher. Sie besitzt einen Forte Media FM801 Soundchip. F\u00fcr diesen gibt es sogar noch einen DOS Treiber mal schauen ob er auch mit diese Karte funktioniert. Ansichten DT0398 &#8211; Vorderseite DT0398 &#8211; R\u00fcckseite DT0398 &#8211; Slotblech Fakten Chipset :https:\/\/theretroweb.com\/chips\/3677 Handbuch Diamond-DT0398-manualHerunterladen &#8211; Treiber&hellip; <a class=\"excerpt-more\" href=\"https:\/\/www.fambach.net\/en\/retro_sound-template-2\/\"> ...<\/a><\/span><\/li>\n<li class=\"listing-item\"><a class=\"image\" href=\"https:\/\/www.fambach.net\/en\/retro_sound-template-3\/\"><img loading=\"lazy\" decoding=\"async\" width=\"840\" height=\"363\" src=\"https:\/\/www.fambach.net\/wp-content\/uploads\/20260411_204136.jpg\" class=\"attachment-large size-large wp-post-image\" alt=\"\" \/><\/a> <a class=\"title\" href=\"https:\/\/www.fambach.net\/en\/retro_sound-template-3\/\">Retro Sound \u2013 Terratec Promedia 512i digital<\/a> <span class=\"date\">11. 11 2026<\/span> <span class=\"excerpt-dash\">\u2013<\/span> <span class=\"excerpt\">Ann\u00e4hernd moderne PCI Sounkarte mit DOS Treiber. Die Karte besizt einen Forte Media 801 Soundchip. Dieser beherrscht 5.0 Sound, zumindest unter Windows. Die Karte l\u00e4sst sich leicht installieren und war zumindest in meinen Testf\u00e4llen robust. Auch machte die Installation unter DOS keine Probleme hier h\u00e4tte sich Creativ durchaus mal eine Scheibe abschneiden k\u00f6nnen. Ansichten Terratec&hellip; <a class=\"excerpt-more\" href=\"https:\/\/www.fambach.net\/en\/retro_sound-template-3\/\"> ...<\/a><\/span><\/li>\n<li class=\"listing-item\"><a class=\"image\" href=\"https:\/\/www.fambach.net\/en\/retro_pojekt-xt-cf-lite-version-4-1\/\"><img loading=\"lazy\" decoding=\"async\" width=\"840\" height=\"469\" src=\"https:\/\/www.fambach.net\/wp-content\/uploads\/20250330_123233-1024x572.jpg\" class=\"attachment-large size-large wp-post-image\" alt=\"\" srcset=\"https:\/\/www.fambach.net\/wp-content\/uploads\/20250330_123233-1024x572.jpg 1024w, https:\/\/www.fambach.net\/wp-content\/uploads\/20250330_123233-300x167.jpg 300w, https:\/\/www.fambach.net\/wp-content\/uploads\/20250330_123233-768x429.jpg 768w, https:\/\/www.fambach.net\/wp-content\/uploads\/20250330_123233-1536x857.jpg 1536w, https:\/\/www.fambach.net\/wp-content\/uploads\/20250330_123233-2048x1143.jpg 2048w\" sizes=\"(max-width: 599px) calc(100vw - 50px), (max-width: 767px) calc(100vw - 70px), (max-width: 991px) 429px, (max-width: 1199px) 637px, 354px\" \/><\/a> <a class=\"title\" href=\"https:\/\/www.fambach.net\/en\/retro_pojekt-xt-cf-lite-version-4-1\/\">Retro Project \u2013 XT-CF-Lite Version 4.1<\/a> <span class=\"date\">30. 30 2025<\/span> <span class=\"excerpt-dash\">\u2013<\/span> <span class=\"excerpt\">Eine weiterer XT Ide Controller, mit Compactflash Slot, welcher mit dem richtigen Slotblech von der Computer R\u00fcckseite zug\u00e4nglich ist. Die Platine ist mit Durchloch Bauteilen aufgebaut nut der CompactFlash Slot bildet eine Ausnahme. Somit sollte die Platine leicht zu l\u00f6ten sein. Link zum Projekt Link zum Projekt Ansichten XT-CF-Lite Version 4.1 &#8211; Platine unbest\u00fcck oben&hellip; <a class=\"excerpt-more\" href=\"https:\/\/www.fambach.net\/en\/retro_pojekt-xt-cf-lite-version-4-1\/\"> ...<\/a><\/span><\/li>\n<li class=\"listing-item\"><a class=\"image\" href=\"https:\/\/www.fambach.net\/en\/retro-eeprom\/\"><img loading=\"lazy\" decoding=\"async\" width=\"840\" height=\"562\" src=\"https:\/\/www.fambach.net\/wp-content\/uploads\/EPROMs_4M_2M_256k_16kbit.jpg\" class=\"attachment-large size-large wp-post-image\" alt=\"yellowcloud from Germany - EPROMs 4M, 2M, 256k, 16kbit\" \/><\/a> <a class=\"title\" href=\"https:\/\/www.fambach.net\/en\/retro-eeprom\/\">Retro \u2013 (L\/E)EPROM Hardware<\/a> <span class=\"date\">13. 13 2025<\/span> <span class=\"excerpt-dash\">\u2013<\/span> <span class=\"excerpt\">(Titelbild: yellowcloud&nbsp;from Germany&nbsp;&#8211;&nbsp;EPROMs 4M, 2M, 256k, 16kbit) Vorab dies ist eine Lebende Seite, ich werde hier immer mal was hinzuf\u00fcgen, korrigieren oder entfernen was nicht stimmt. Also keine Gew\u00e4hr auf die Richtigkeit (Bitte Datenbl\u00e4tter pr\u00fcfen). Ich gebe mir dennoch m\u00fche beim Schreiben nicht zu l\u00fcgen und vermeide Halbwahrheiten. Wo ich mir nicht sicher bin steht&hellip; <a class=\"excerpt-more\" href=\"https:\/\/www.fambach.net\/en\/retro-eeprom\/\"> ...<\/a><\/span><\/li>\n<li class=\"listing-item\"><a class=\"image\" href=\"https:\/\/www.fambach.net\/en\/retro-projekt-fdc-usb-floppy-controller\/\"><img loading=\"lazy\" decoding=\"async\" width=\"840\" height=\"435\" src=\"https:\/\/www.fambach.net\/wp-content\/uploads\/20251202_094650.jpg\" class=\"attachment-large size-large wp-post-image\" alt=\"\" \/><\/a> <a class=\"title\" href=\"https:\/\/www.fambach.net\/en\/retro-projekt-fdc-usb-floppy-controller\/\">Retro Project \u2013 FDC USB Floppy Disk Controller<\/a> <span class=\"date\">03. 3 2025<\/span> <span class=\"excerpt-dash\">\u2013<\/span> <span class=\"excerpt\">Wer braucht schon noch ein Diskettenlaufwerk, f\u00fcr Retrofreunde ist dies Frage schnell beantwortet. Und dieses einfache Projekt erm\u00f6glicht es Diskettenlaufwerk per USB an einen modernen Rechner anzuschliessen. Mittels Image-Dateien k\u00f6nnen ganze Disketten erstellt werden. Dieses Projekt habe ich mit begrenzten Erfolg schon einmal diskret aufgebaut. Leider hat dies nicht so richtig funktioniert, um zu \u00fcberpr\u00fcfen&hellip; <a class=\"excerpt-more\" href=\"https:\/\/www.fambach.net\/en\/retro-projekt-fdc-usb-floppy-controller\/\"> ...<\/a><\/span><\/li>\n<li class=\"listing-item\"><a class=\"image\" href=\"https:\/\/www.fambach.net\/en\/retro_laufwerke_gotek\/\"><img loading=\"lazy\" decoding=\"async\" width=\"840\" height=\"398\" src=\"https:\/\/www.fambach.net\/wp-content\/uploads\/20240811_125214.jpg\" class=\"attachment-large size-large wp-post-image\" alt=\"\" \/><\/a> <a class=\"title\" href=\"https:\/\/www.fambach.net\/en\/retro_laufwerke_gotek\/\">Retro Laufwerke &#8211; Gotek Floppy Emulator<\/a> <span class=\"date\">11. 11 2024<\/span> <span class=\"excerpt-dash\">\u2013<\/span> <span class=\"excerpt\">Da es immer schwieriger wird an funktionierende Diskettenlaufwerke zu kommen, hat Gotek einen Emulater entwickelt. Dieser kann anstatt eines original Laufwerks eingebaut werden. Der Emulator liesst seine Daten von Disk-Images auf einem USB Stick. So k\u00f6nnen hunderte von Images per Knopfdruck ausgew\u00e4hlt werden. <a class=\"excerpt-more\" href=\"https:\/\/www.fambach.net\/en\/retro_laufwerke_gotek\/\"> ...<\/a><\/span><\/li>\n<li class=\"listing-item\"><a class=\"image\" href=\"https:\/\/www.fambach.net\/en\/retro_pojekt-isa-boot-isa-boot-eeprom-karte\/\"><img loading=\"lazy\" decoding=\"async\" width=\"840\" height=\"431\" src=\"https:\/\/www.fambach.net\/wp-content\/uploads\/20250401_220820-1024x525.jpg\" class=\"attachment-large size-large wp-post-image\" alt=\"\" srcset=\"https:\/\/www.fambach.net\/wp-content\/uploads\/20250401_220820-1024x525.jpg 1024w, https:\/\/www.fambach.net\/wp-content\/uploads\/20250401_220820-300x154.jpg 300w, https:\/\/www.fambach.net\/wp-content\/uploads\/20250401_220820-768x394.jpg 768w, https:\/\/www.fambach.net\/wp-content\/uploads\/20250401_220820-1536x787.jpg 1536w, https:\/\/www.fambach.net\/wp-content\/uploads\/20250401_220820-2048x1050.jpg 2048w\" sizes=\"(max-width: 599px) calc(100vw - 50px), (max-width: 767px) calc(100vw - 70px), (max-width: 991px) 429px, (max-width: 1199px) 637px, 354px\" \/><\/a> <a class=\"title\" href=\"https:\/\/www.fambach.net\/en\/retro_pojekt-isa-boot-isa-boot-eeprom-karte\/\">Retro Project \u2013 ISA Boot EEPROM Card<\/a> <span class=\"date\">02. 2 2025<\/span> <span class=\"excerpt-dash\">\u2013<\/span> <span class=\"excerpt\">Einfache ISA Karte mit Platz f\u00fcr ein (U\/E)EPROM des types 27C256, 28C256, 28C64B. Die 28C*** EEPRoms k\u00f6nnen mittels der Karte Programmiert werden. Diese Karte kann zum Beispiel f\u00fcr das XT-IDE Bios, XT-Ramtest oder ROMOS verwendet werden. <a class=\"excerpt-more\" href=\"https:\/\/www.fambach.net\/en\/retro_pojekt-isa-boot-isa-boot-eeprom-karte\/\"> ...<\/a><\/span><\/li>\n<\/ul>\n\n\n\n<p><\/p>\n\n\n\n<p><\/p>\n\n\n\n<p><\/p>","protected":false},"excerpt":{"rendered":"<a href=\"https:\/\/www.fambach.net\/en\/retro-xt-ide-bios\/\" class=\"read-more-link\">Continue reading <span class=\"screen-reader-text\">\"Retro &#8211; XT-IDE (BIOS)\"<\/span> <span class=\"meta-nav\">&rarr;<\/span><\/a>","protected":false},"author":1,"featured_media":0,"parent":0,"menu_order":0,"comment_status":"closed","ping_status":"closed","template":"","meta":{"_lmt_disableupdate":"","_lmt_disable":"","footnotes":""},"_links":{"self":[{"href":"https:\/\/www.fambach.net\/en\/wp-json\/wp\/v2\/pages\/695"}],"collection":[{"href":"https:\/\/www.fambach.net\/en\/wp-json\/wp\/v2\/pages"}],"about":[{"href":"https:\/\/www.fambach.net\/en\/wp-json\/wp\/v2\/types\/page"}],"author":[{"embeddable":true,"href":"https:\/\/www.fambach.net\/en\/wp-json\/wp\/v2\/users\/1"}],"replies":[{"embeddable":true,"href":"https:\/\/www.fambach.net\/en\/wp-json\/wp\/v2\/comments?post=695"}],"version-history":[{"count":41,"href":"https:\/\/www.fambach.net\/en\/wp-json\/wp\/v2\/pages\/695\/revisions"}],"predecessor-version":[{"id":10201,"href":"https:\/\/www.fambach.net\/en\/wp-json\/wp\/v2\/pages\/695\/revisions\/10201"}],"wp:attachment":[{"href":"https:\/\/www.fambach.net\/en\/wp-json\/wp\/v2\/media?parent=695"}],"curies":[{"name":"wp","href":"https:\/\/api.w.org\/{rel}","templated":true}]}}