{"id":7214,"date":"2021-01-17T11:23:37","date_gmt":"2021-01-17T11:23:37","guid":{"rendered":"https:\/\/www.fambach.net\/?page_id=7214"},"modified":"2021-01-20T16:38:01","modified_gmt":"2021-01-20T16:38:01","slug":"microcontroller","status":"publish","type":"page","link":"https:\/\/www.fambach.net\/en\/microcontroller\/","title":{"rendered":"Microcontroller"},"content":{"rendered":"<p>Here are the links to my efforts with microcontrollers. Currently, my experience is limited to Arduino, Esp, and Raspberry. <\/p>\n\n\n\n<figure class=\"wp-block-gallery columns-3 is-cropped\"><ul class=\"blocks-gallery-grid\"><li class=\"blocks-gallery-item\"><a href=\"https:\/\/www.fambach.net\/en\/startseite\/arduino\/\"><figure><img loading=\"lazy\" decoding=\"async\" width=\"3782\" height=\"1656\" src=\"https:\/\/www.fambach.net\/wp-content\/uploads\/ArduinoLeonardoBanner.jpg\" alt=\"Leonardo Board Banner\" data-id=\"5406\" data-full-url=\"https:\/\/www.fambach.net\/wp-content\/uploads\/ArduinoLeonardoBanner.jpg\" data-link=\"https:\/\/www.fambach.net\/arduino-leonardo\/arduinoleonardobanner\/\" class=\"wp-image-5406\"><figcaption class=\"blocks-gallery-item__caption\">Arduino<\/figcaption><\/figure><\/a><\/li><li class=\"blocks-gallery-item\"><a href=\"https:\/\/www.fambach.net\/en\/startseite\/esp8266-esp32\/\"><figure><img loading=\"lazy\" decoding=\"async\" width=\"1024\" height=\"717\" src=\"https:\/\/www.fambach.net\/wp-content\/uploads\/2018\/06\/ESP32Wifikit32Perspective-1024x717.png\" alt=\"\" data-id=\"1051\" data-full-url=\"https:\/\/www.fambach.net\/wp-content\/uploads\/2018\/06\/ESP32Wifikit32Perspective.png\" data-link=\"https:\/\/www.fambach.net\/esp32-wifi-kit-32\/esp32wifikit32perspective\/\" class=\"wp-image-1051\" srcset=\"https:\/\/www.fambach.net\/wp-content\/uploads\/2018\/06\/ESP32Wifikit32Perspective-1024x717.png 1024w, https:\/\/www.fambach.net\/wp-content\/uploads\/2018\/06\/ESP32Wifikit32Perspective-300x210.png 300w, https:\/\/www.fambach.net\/wp-content\/uploads\/2018\/06\/ESP32Wifikit32Perspective-768x538.png 768w\" sizes=\"(max-width: 599px) calc(100vw - 50px), (max-width: 767px) calc(100vw - 70px), (max-width: 991px) 429px, (max-width: 1199px) 637px, 354px\" \/><figcaption class=\"blocks-gallery-item__caption\">Espressif ESP<\/figcaption><\/figure><\/a><\/li><li class=\"blocks-gallery-item\"><a href=\"https:\/\/www.fambach.net\/en\/startseite\/raspberry\/\"><figure><img loading=\"lazy\" decoding=\"async\" width=\"462\" height=\"322\" src=\"https:\/\/www.fambach.net\/wp-content\/uploads\/2018\/03\/Raspberry-Pi-Model-B-1-462x3221.jpg\" alt=\"\" data-id=\"3850\" data-full-url=\"https:\/\/www.fambach.net\/wp-content\/uploads\/2018\/03\/Raspberry-Pi-Model-B-1-462x3221.jpg\" data-link=\"https:\/\/www.fambach.net\/raspberry-pi-1\/raspberry-pi-model-b-1-462x3221\/\" class=\"wp-image-3850\"><figcaption class=\"blocks-gallery-item__caption\">Raspberry Pi<\/figcaption><\/figure><\/a><\/li><\/ul><\/figure>\n\n\n\n<p><\/p>\n\n\n\n<p>There's a lot of peripherals for the controllers.<\/p>\n\n\n\n<figure class=\"wp-block-gallery columns-4 is-cropped\"><ul class=\"blocks-gallery-grid\"><li class=\"blocks-gallery-item\"><figure><a href=\"https:\/\/www.fambach.net\/en\/startseite\/roboter-hardware\/#aktoren\" ><img loading=\"lazy\" decoding=\"async\" width=\"300\" height=\"211\" src=\"https:\/\/www.fambach.net\/wp-content\/uploads\/2018\/03\/ZumoPerspective.jpg\" alt=\"\" data-id=\"555\" data-full-url=\"https:\/\/www.fambach.net\/wp-content\/uploads\/2018\/03\/ZumoPerspective.jpg\" data-link=\"https:\/\/www.fambach.net\/?attachment_id=555\" class=\"wp-image-555\"\/><figcaption class=\"blocks-gallery-item__caption\">Actuators<\/figcaption><\/a><\/figure><\/li><li class=\"blocks-gallery-item\"><figure><a href=\"https:\/\/www.fambach.net\/en\/startseite\/roboter-hardware\/#indikatoren\" ><img loading=\"lazy\" decoding=\"async\" width=\"300\" height=\"332\" src=\"https:\/\/www.fambach.net\/wp-content\/uploads\/2018\/06\/SD1306OledDisplay128x64WithoutReset_Analoganzeiger.jpg\" alt=\"\" data-id=\"1053\" data-full-url=\"https:\/\/www.fambach.net\/wp-content\/uploads\/2018\/06\/SD1306OledDisplay128x64WithoutReset_Analoganzeiger.jpg\" data-link=\"https:\/\/www.fambach.net\/sd1306oleddisplay128x64withoutreset_analoganzeiger\/\" class=\"wp-image-1053\" srcset=\"https:\/\/www.fambach.net\/wp-content\/uploads\/2018\/06\/SD1306OledDisplay128x64WithoutReset_Analoganzeiger.jpg 300w, https:\/\/www.fambach.net\/wp-content\/uploads\/2018\/06\/SD1306OledDisplay128x64WithoutReset_Analoganzeiger-271x300.jpg 271w\" sizes=\"(max-width: 599px) calc(100vw - 50px), (max-width: 767px) calc(100vw - 70px), (max-width: 991px) 429px, (max-width: 1199px) 637px, 354px\" \/><figcaption class=\"blocks-gallery-item__caption\">Indicators<\/figcaption><\/a><\/figure><\/li><li class=\"blocks-gallery-item\"><figure><a href=\"https:\/\/www.fambach.net\/en\/startseite\/roboter-hardware\/#sensoren\" ><img loading=\"lazy\" decoding=\"async\" width=\"2016\" height=\"962\" src=\"https:\/\/www.fambach.net\/wp-content\/uploads\/FTMiniFront.jpg\" alt=\"\" data-id=\"5378\" data-full-url=\"https:\/\/www.fambach.net\/wp-content\/uploads\/FTMiniFront.jpg\" data-link=\"https:\/\/www.fambach.net\/ftmini-laser\/ftminifront\/\" class=\"wp-image-5378\"\/><figcaption class=\"blocks-gallery-item__caption\">Sensors<\/figcaption><\/figure><\/li><li class=\"blocks-gallery-item\"><\/a><figure><a href=\"https:\/\/www.fambach.net\/en\/startseite\/roboter-hardware\/#kommunikation\" ><img loading=\"lazy\" decoding=\"async\" width=\"1075\" height=\"2327\" src=\"https:\/\/www.fambach.net\/wp-content\/uploads\/2019\/08\/NanoRFTop.jpg\" alt=\"Nano RF von oben\" data-id=\"4576\" data-full-url=\"https:\/\/www.fambach.net\/wp-content\/uploads\/2019\/08\/NanoRFTop.jpg\" data-link=\"https:\/\/www.fambach.net\/rf-nano\/nanorftop\/\" class=\"wp-image-4576\"\/><figcaption class=\"blocks-gallery-item__caption\">Communication<\/figcaption><\/a><\/figure><\/li><\/ul><\/figure>\n\n\n\n<p><\/p>\n\n\n\n<p><\/p>\n\n\n\n<p><\/p>","protected":false},"excerpt":{"rendered":"<p>Hier die Links zu meinen Bem\u00fchungen mit Mircocontrollern. Aktuell beschr\u00e4nken sich meine Erfahrungen auf Arduino, Esp und Raspberry. Arduino Espressif ESP Raspberry PI F\u00fcr die Controller gibst ne Menge an Peripherie. Aktoren Indikatoren Sensoren Kommunikation<\/p>\n<a href=\"https:\/\/www.fambach.net\/en\/microcontroller\/\" class=\"read-more-link\">Continue reading <span class=\"screen-reader-text\">\"Microcontroller\"<\/span> <span class=\"meta-nav\">&rarr;<\/span><\/a>","protected":false},"author":1,"featured_media":0,"parent":0,"menu_order":0,"comment_status":"open","ping_status":"closed","template":"","meta":{"_lmt_disableupdate":"no","_lmt_disable":"","footnotes":""},"_links":{"self":[{"href":"https:\/\/www.fambach.net\/en\/wp-json\/wp\/v2\/pages\/7214"}],"collection":[{"href":"https:\/\/www.fambach.net\/en\/wp-json\/wp\/v2\/pages"}],"about":[{"href":"https:\/\/www.fambach.net\/en\/wp-json\/wp\/v2\/types\/page"}],"author":[{"embeddable":true,"href":"https:\/\/www.fambach.net\/en\/wp-json\/wp\/v2\/users\/1"}],"replies":[{"embeddable":true,"href":"https:\/\/www.fambach.net\/en\/wp-json\/wp\/v2\/comments?post=7214"}],"version-history":[{"count":15,"href":"https:\/\/www.fambach.net\/en\/wp-json\/wp\/v2\/pages\/7214\/revisions"}],"predecessor-version":[{"id":7343,"href":"https:\/\/www.fambach.net\/en\/wp-json\/wp\/v2\/pages\/7214\/revisions\/7343"}],"wp:attachment":[{"href":"https:\/\/www.fambach.net\/en\/wp-json\/wp\/v2\/media?parent=7214"}],"curies":[{"name":"wp","href":"https:\/\/api.w.org\/{rel}","templated":true}]}}